{"id":1924,"date":"2024-05-30T14:25:21","date_gmt":"2024-05-30T12:25:21","guid":{"rendered":"https:\/\/bodrumconnection.com\/vip\/"},"modified":"2024-06-25T15:39:32","modified_gmt":"2024-06-25T13:39:32","slug":"vip","status":"publish","type":"page","link":"https:\/\/bodrumconnection.com\/tr\/vip\/","title":{"rendered":"VIP"},"content":{"rendered":"\n<style type=\"text\/css\" data-created_by=\"avia_inline_auto\" id=\"style-css-av-lx0kug5f-bd6fc40c6392d3f332ced5f0aaa894fb\">\n.avia-section.av-lx0kug5f-bd6fc40c6392d3f332ced5f0aaa894fb{\nbackground-repeat:no-repeat;\nbackground-image:url(https:\/\/bodrumconnection.com\/wp-content\/uploads\/2024\/06\/VIP-scaled.jpg);\nbackground-position:50% 50%;\nbackground-attachment:scroll;\n}\n.avia-section.av-lx0kug5f-bd6fc40c6392d3f332ced5f0aaa894fb .av-extra-border-element .av-extra-border-inner{\nbackground-color:#000000;\n}\n<\/style>\n<div id='av_section_1'  class='avia-section av-lx0kug5f-bd6fc40c6392d3f332ced5f0aaa894fb main_color avia-section-no-padding avia-no-shadow  avia-builder-el-0  el_before_av_section  avia-builder-el-first  av-small-hide av-mini-hide avia-full-stretch avia-bg-style-scroll av-minimum-height av-minimum-height-100 av-height-100  container_wrap sidebar_right'  data-section-bg-repeat='stretch' data-av_minimum_height_pc='100' data-av_min_height_opt='100'><div class='container av-section-cont-open' ><main  role=\"main\" itemprop=\"mainContentOfPage\"  class='template-page content  av-content-small alpha units'><div class='post-entry post-entry-type-page post-entry-1924'><div class='entry-content-wrapper clearfix'>\n\n<style type=\"text\/css\" data-created_by=\"avia_inline_auto\" id=\"style-css-av-lx0kt1nx-ccfd1796ccc8c88381145537df4c63b7\">\n#top .hr.hr-invisible.av-lx0kt1nx-ccfd1796ccc8c88381145537df4c63b7{\nheight:140px;\n}\n<\/style>\n<div  class='hr av-lx0kt1nx-ccfd1796ccc8c88381145537df4c63b7 hr-invisible  avia-builder-el-1  el_before_av_hr  avia-builder-el-first '><span class='hr-inner '><span class=\"hr-inner-style\"><\/span><\/span><\/div>\n\n<style type=\"text\/css\" data-created_by=\"avia_inline_auto\" id=\"style-css-av-bcmla-2cdb456a6e7ac3a2a6fdaaaa89ccf054\">\n#top .hr.hr-invisible.av-bcmla-2cdb456a6e7ac3a2a6fdaaaa89ccf054{\nheight:140px;\n}\n<\/style>\n<div  class='hr av-bcmla-2cdb456a6e7ac3a2a6fdaaaa89ccf054 hr-invisible  avia-builder-el-2  el_after_av_hr  avia-builder-el-last '><span class='hr-inner '><span class=\"hr-inner-style\"><\/span><\/span><\/div>\n\n<\/div><\/div><\/main><!-- close content main element --><\/div><div class='av-extra-border-element border-extra-diagonal border-extra-diagonal-inverse '><div class='av-extra-border-outer'><div class='av-extra-border-inner'><\/div><\/div><\/div><\/div>\n<style type=\"text\/css\" data-created_by=\"avia_inline_auto\" id=\"style-css-av-lx20wcvr-0bde1b571d0cb69b2fd042f1b3eb9b3b\">\n.avia-section.av-lx20wcvr-0bde1b571d0cb69b2fd042f1b3eb9b3b{\nbackground-repeat:no-repeat;\nbackground-image:url(https:\/\/bodrumconnection.com\/wp-content\/uploads\/2024\/06\/VIP-scaled.jpg);\nbackground-position:50% 50%;\nbackground-attachment:scroll;\n}\n.avia-section.av-lx20wcvr-0bde1b571d0cb69b2fd042f1b3eb9b3b .av-extra-border-element .av-extra-border-inner{\nbackground-color:#000000;\n}\n<\/style>\n<div id='av_section_2'  class='avia-section av-lx20wcvr-0bde1b571d0cb69b2fd042f1b3eb9b3b main_color avia-section-no-padding avia-no-shadow  avia-builder-el-3  el_after_av_section  el_before_av_section  av-desktop-hide av-medium-hide avia-full-stretch avia-bg-style-scroll av-minimum-height av-minimum-height-50 av-height-50  container_wrap sidebar_right'  data-section-bg-repeat='stretch' data-av_minimum_height_pc='50' data-av_min_height_opt='50'><div class='container av-section-cont-open' ><div class='template-page content  av-content-small alpha units'><div class='post-entry post-entry-type-page post-entry-1924'><div class='entry-content-wrapper clearfix'>\n\n<style type=\"text\/css\" data-created_by=\"avia_inline_auto\" id=\"style-css-av-4l1edg-e6c3b4a40d303013939c3b3869cd1ebb\">\n#top .hr.hr-invisible.av-4l1edg-e6c3b4a40d303013939c3b3869cd1ebb{\nheight:140px;\n}\n<\/style>\n<div  class='hr av-4l1edg-e6c3b4a40d303013939c3b3869cd1ebb hr-invisible  avia-builder-el-4  el_before_av_hr  avia-builder-el-first '><span class='hr-inner '><span class=\"hr-inner-style\"><\/span><\/span><\/div>\n\n<style type=\"text\/css\" data-created_by=\"avia_inline_auto\" id=\"style-css-av-1vclfo-965c6155355fe23bc5a3fd0fec8872c3\">\n#top .hr.hr-invisible.av-1vclfo-965c6155355fe23bc5a3fd0fec8872c3{\nheight:140px;\n}\n<\/style>\n<div  class='hr av-1vclfo-965c6155355fe23bc5a3fd0fec8872c3 hr-invisible  avia-builder-el-5  el_after_av_hr  avia-builder-el-last '><span class='hr-inner '><span class=\"hr-inner-style\"><\/span><\/span><\/div>\n\n<\/div><\/div><\/div><!-- close content main div --><\/div><div class='av-extra-border-element border-extra-diagonal border-extra-diagonal-inverse '><div class='av-extra-border-outer'><div class='av-extra-border-inner'><\/div><\/div><\/div><\/div>\n<style type=\"text\/css\" data-created_by=\"avia_inline_auto\" id=\"style-css-av-jkwotzct-36-6400e3836c773de466f60a086990da01\">\n.avia-section.av-jkwotzct-36-6400e3836c773de466f60a086990da01{\nbackground-color:#000000;\nbackground-image:unset;\n}\n<\/style>\n<div id='contact'  class='avia-section av-jkwotzct-36-6400e3836c773de466f60a086990da01 main_color avia-section-huge avia-no-border-styling  avia-builder-el-6  el_after_av_section  el_before_av_masonry_gallery  avia-bg-style-scroll av-minimum-height av-minimum-height-50 av-height-50  container_wrap sidebar_right'   data-av_minimum_height_pc='50' data-av_min_height_opt='50'><div class='container av-section-cont-open' ><div class='template-page content  av-content-small alpha units'><div class='post-entry post-entry-type-page post-entry-1924'><div class='entry-content-wrapper clearfix'>\n\n<style type=\"text\/css\" data-created_by=\"avia_inline_auto\" id=\"style-css-av-tr69-8062fdc7791f74b96530384ad2f5e173\">\n#top .av-special-heading.av-tr69-8062fdc7791f74b96530384ad2f5e173{\nmargin:0 0 0.2em 0;\npadding-bottom:0;\ncolor:#be9a53;\nfont-size:53px;\n}\nbody .av-special-heading.av-tr69-8062fdc7791f74b96530384ad2f5e173 .av-special-heading-tag .heading-char{\nfont-size:25px;\n}\n#top #wrap_all .av-special-heading.av-tr69-8062fdc7791f74b96530384ad2f5e173 .av-special-heading-tag{\nfont-size:53px;\n}\n.av-special-heading.av-tr69-8062fdc7791f74b96530384ad2f5e173 .special-heading-inner-border{\nborder-color:#be9a53;\n}\n.av-special-heading.av-tr69-8062fdc7791f74b96530384ad2f5e173 .av-subheading{\nfont-size:23px;\n}\n\n@media only screen and (min-width: 480px) and (max-width: 767px){ \n#top #wrap_all .av-special-heading.av-tr69-8062fdc7791f74b96530384ad2f5e173 .av-special-heading-tag{\nfont-size:0.8em;\n}\n}\n\n@media only screen and (max-width: 479px){ \n#top #wrap_all .av-special-heading.av-tr69-8062fdc7791f74b96530384ad2f5e173 .av-special-heading-tag{\nfont-size:0.8em;\n}\n}\n<\/style>\n<div  class='av-special-heading av-tr69-8062fdc7791f74b96530384ad2f5e173 av-special-heading-h3 custom-color-heading blockquote modern-quote modern-centered  avia-builder-el-7  el_before_av_one_full  avia-builder-el-first  av-inherit-size'><h3 class='av-special-heading-tag '  itemprop=\"headline\"  >VIP \u00dcYE<\/h3><div class=\"special-heading-border\"><div class=\"special-heading-inner-border\"><\/div><\/div><\/div>\n<div class='flex_column_table av-2qmgz-1-c1ab1e34b27d512ed259a2dd67471540 sc-av_one_full av-equal-height-column-flextable'>\n<style type=\"text\/css\" data-created_by=\"avia_inline_auto\" id=\"style-css-av-2qmgz-1-c1ab1e34b27d512ed259a2dd67471540\">\n.flex_column.av-2qmgz-1-c1ab1e34b27d512ed259a2dd67471540{\nborder-radius:0px 0px 0px 0px;\npadding:100px 90px 0px 90px;\n}\n<\/style>\n<div  class='flex_column av-2qmgz-1-c1ab1e34b27d512ed259a2dd67471540 av_one_full  avia-builder-el-8  el_after_av_heading  el_before_av_hr  first no_margin flex_column_table_cell av-equal-height-column av-align-top av-animated-generic fade-in  '     ><style type=\"text\/css\" data-created_by=\"avia_inline_auto\" id=\"style-css-av-lwt8idg8-31d987a84f5412835570411506e64d1a\">\n#top .av_textblock_section.av-lwt8idg8-31d987a84f5412835570411506e64d1a .avia_textblock{\ncolor:#be9a53;\n}\n<\/style>\n<section  class='av_textblock_section av-lwt8idg8-31d987a84f5412835570411506e64d1a '   itemscope=\"itemscope\" itemtype=\"https:\/\/schema.org\/CreativeWork\" ><div class='avia_textblock av_inherit_color'  itemprop=\"text\" ><p>Bodrumconnection size size bir VIP \u00fcyelik program\u0131 sunarak.<\/p>\n<p>\u00dcyelerimiz i\u00e7in a\u015fa\u011f\u0131daki avantajlar\u0131 sunuyoruz.<\/p>\n<p><strong>Bodrum&#8217;da se\u00e7kin lokasyonlarda rezervasyonlar<\/strong><\/p>\n<ul>\n<li>Restoranlar<\/li>\n<li>Kul\u00fcpler<\/li>\n<li>\u00d6zel Plaj<\/li>\n<li>Yat kul\u00fcb\u00fc<\/li>\n<\/ul>\n<p><strong>\u00d6zel etkinliklere kat\u0131l\u0131m<\/strong><\/p>\n<ul>\n<li>Konserler<\/li>\n<li>Partiler<\/li>\n<li>Spor etkinlikleri<\/li>\n<\/ul>\n<p><strong>D\u00fczenleyici konular ve a\u011f ortaklar\u0131n\u0131n \u00f6nerilmesi<\/strong><\/p>\n<ul>\n<li>Oturma izni alma konusunda dan\u0131\u015fmanl\u0131k<\/li>\n<li>Resmi makamlara yap\u0131lan ziyaretlere e\u015flik edilmesi<\/li>\n<li>Noterler<\/li>\n<li>Avukatlar<\/li>\n<li>Terc\u00fcman<\/li>\n<li>Sigorta acentesi<\/li>\n<li>Doktorlar ve di\u015f hekimleri<\/li>\n<li>G\u00fczellik ve bak\u0131m<\/li>\n<li>Bankalar<\/li>\n<\/ul>\n<p>\u00dcyelik y\u0131ll\u0131k 500 \u20ac tutar\u0131ndad\u0131r ve size ki\u015fiselle\u015ftirilmi\u015f deste\u011fi garanti eder. \u00dcyelik y\u0131l sonunda 1 ay \u00f6nceden haber verilerek iptal edilebilir.<br \/>\nAksi takdirde \u00fcyelik otomatik olarak bir y\u0131l daha uzat\u0131l\u0131r.<\/p>\n<\/div><\/section><\/div><\/div><!--close column table wrapper. Autoclose: 1 -->\n<style type=\"text\/css\" data-created_by=\"avia_inline_auto\" id=\"style-css-av-lwt9bgv1-3c8f95b5310368d348da46e1cd884da7\">\n#top .hr.hr-invisible.av-lwt9bgv1-3c8f95b5310368d348da46e1cd884da7{\nheight:50px;\n}\n<\/style>\n<div  class='hr av-lwt9bgv1-3c8f95b5310368d348da46e1cd884da7 hr-invisible  avia-builder-el-10  el_after_av_one_full  el_before_av_button '><span class='hr-inner '><span class=\"hr-inner-style\"><\/span><\/span><\/div>\n<div  class='avia-button-wrap av-lwt9awzq-09a25480ebeb6411312ebd33c17b75f5-wrap avia-button-center  avia-builder-el-11  el_after_av_hr  el_before_av_hr '><a href='https:\/\/bodrumconnection.com\/tr\/bize-ulasin\/'  class='avia-button av-lwt9awzq-09a25480ebeb6411312ebd33c17b75f5 av-link-btn avia-icon_select-no avia-size-x-large avia-position-center avia-color-theme-color'   aria-label=\"Bize ula\u015f\u0131n\"><span class='avia_iconbox_title' >Bize ula\u015f\u0131n<\/span><\/a><\/div>\n\n<style type=\"text\/css\" data-created_by=\"avia_inline_auto\" id=\"style-css-av-g0cee-468f093bf1a2718dcbbe20e8bae0dbd1\">\n#top .hr.hr-invisible.av-g0cee-468f093bf1a2718dcbbe20e8bae0dbd1{\nheight:50px;\n}\n<\/style>\n<div  class='hr av-g0cee-468f093bf1a2718dcbbe20e8bae0dbd1 hr-invisible  avia-builder-el-12  el_after_av_button  avia-builder-el-last '><span class='hr-inner '><span class=\"hr-inner-style\"><\/span><\/span><\/div>\n\n<style type=\"text\/css\" data-created_by=\"avia_inline_auto\" id=\"style-css-av-lx0it2l5-60e9872ceca5ad37e64835338c96d06e\">\n#top .av-masonry.av-lx0it2l5-60e9872ceca5ad37e64835338c96d06e{\nbackground-color:#000000;\n}\n<\/style>\n<div id='av-masonry-1' class='av-masonry av-lx0it2l5-60e9872ceca5ad37e64835338c96d06e noHover av-fixed-size av-large-gap av-hover-overlay-active av-masonry-animation-active av-masonry-col-flexible av-caption-always av-caption-style- av-masonry-gallery ' data-post_id=\"1924\"><div class=\"av-masonry-container isotope av-js-disabled\"><div class='av-masonry-entry isotope-item av-masonry-item-no-image '><\/div><div id='av-masonry-1-item-1834' data-av-masonry-item='1834' class='av-masonry-entry isotope-item post-1834 attachment type-attachment status-inherit hentry  av-masonry-item-with-image'    itemprop=\"thumbnailUrl\" ><div class='av-inner-masonry-sizer'><\/div><figure class='av-inner-masonry main_color'><div class=\"av-masonry-outerimage-container\"><div class='av-masonry-image-container' style=\"background-image: url(https:\/\/bodrumconnection.com\/wp-content\/uploads\/2024\/06\/AdobeStock_531918098.jpg);\" ><\/div><\/div><\/figure><\/div><!--end av-masonry entry--><div id='av-masonry-1-item-1824' data-av-masonry-item='1824' class='av-masonry-entry isotope-item post-1824 attachment type-attachment status-inherit hentry  av-masonry-item-with-image'    itemprop=\"thumbnailUrl\" ><div class='av-inner-masonry-sizer'><\/div><figure class='av-inner-masonry main_color'><div class=\"av-masonry-outerimage-container\"><div class='av-masonry-image-container' style=\"background-image: url(https:\/\/bodrumconnection.com\/wp-content\/uploads\/2024\/06\/AdobeStock_69710382.jpg);\" ><\/div><\/div><\/figure><\/div><!--end av-masonry entry--><div id='av-masonry-1-item-1830' data-av-masonry-item='1830' class='av-masonry-entry isotope-item post-1830 attachment type-attachment status-inherit hentry  av-masonry-item-with-image'    itemprop=\"thumbnailUrl\" ><div class='av-inner-masonry-sizer'><\/div><figure class='av-inner-masonry main_color'><div class=\"av-masonry-outerimage-container\"><div class='av-masonry-image-container' style=\"background-image: url(https:\/\/bodrumconnection.com\/wp-content\/uploads\/2024\/06\/AdobeStock_345380692.jpg);\" ><\/div><\/div><\/figure><\/div><!--end av-masonry entry--><div id='av-masonry-1-item-1826' data-av-masonry-item='1826' class='av-masonry-entry isotope-item post-1826 attachment type-attachment status-inherit hentry  av-masonry-item-with-image'    itemprop=\"thumbnailUrl\" ><div class='av-inner-masonry-sizer'><\/div><figure class='av-inner-masonry main_color'><div class=\"av-masonry-outerimage-container\"><div class='av-masonry-image-container' style=\"background-image: url(https:\/\/bodrumconnection.com\/wp-content\/uploads\/2024\/06\/AdobeStock_274307321.jpg);\" ><\/div><\/div><\/figure><\/div><!--end av-masonry entry--><div id='av-masonry-1-item-1832' data-av-masonry-item='1832' class='av-masonry-entry isotope-item post-1832 attachment type-attachment status-inherit hentry  av-masonry-item-with-image'    itemprop=\"thumbnailUrl\" ><div class='av-inner-masonry-sizer'><\/div><figure class='av-inner-masonry main_color'><div class=\"av-masonry-outerimage-container\"><div class='av-masonry-image-container' style=\"background-image: url(https:\/\/bodrumconnection.com\/wp-content\/uploads\/2024\/06\/AdobeStock_366242130.jpg);\" ><\/div><\/div><\/figure><\/div><!--end av-masonry entry--><div id='av-masonry-1-item-1828' data-av-masonry-item='1828' class='av-masonry-entry isotope-item post-1828 attachment type-attachment status-inherit hentry  av-masonry-item-with-image'    itemprop=\"thumbnailUrl\" ><div class='av-inner-masonry-sizer'><\/div><figure class='av-inner-masonry main_color'><div class=\"av-masonry-outerimage-container\"><div class='av-masonry-image-container' style=\"background-image: url(https:\/\/bodrumconnection.com\/wp-content\/uploads\/2024\/06\/AdobeStock_310798429.jpg);\" ><\/div><\/div><\/figure><\/div><!--end av-masonry entry--><\/div><\/div><\/p>\n","protected":false},"excerpt":{"rendered":"","protected":false},"author":1,"featured_media":0,"parent":0,"menu_order":0,"comment_status":"closed","ping_status":"closed","template":"","meta":{"footnotes":""},"class_list":["post-1924","page","type-page","status-publish","hentry"],"_links":{"self":[{"href":"https:\/\/bodrumconnection.com\/tr\/wp-json\/wp\/v2\/pages\/1924","targetHints":{"allow":["GET"]}}],"collection":[{"href":"https:\/\/bodrumconnection.com\/tr\/wp-json\/wp\/v2\/pages"}],"about":[{"href":"https:\/\/bodrumconnection.com\/tr\/wp-json\/wp\/v2\/types\/page"}],"author":[{"embeddable":true,"href":"https:\/\/bodrumconnection.com\/tr\/wp-json\/wp\/v2\/users\/1"}],"replies":[{"embeddable":true,"href":"https:\/\/bodrumconnection.com\/tr\/wp-json\/wp\/v2\/comments?post=1924"}],"version-history":[{"count":5,"href":"https:\/\/bodrumconnection.com\/tr\/wp-json\/wp\/v2\/pages\/1924\/revisions"}],"predecessor-version":[{"id":2331,"href":"https:\/\/bodrumconnection.com\/tr\/wp-json\/wp\/v2\/pages\/1924\/revisions\/2331"}],"wp:attachment":[{"href":"https:\/\/bodrumconnection.com\/tr\/wp-json\/wp\/v2\/media?parent=1924"}],"curies":[{"name":"wp","href":"https:\/\/api.w.org\/{rel}","templated":true}]}}