{"id":1922,"date":"2024-05-30T13:10:14","date_gmt":"2024-05-30T11:10:14","guid":{"rendered":"https:\/\/bodrumconnection.com\/bize-ulasin\/"},"modified":"2026-02-02T18:55:01","modified_gmt":"2026-02-02T17:55:01","slug":"bize-ulasin","status":"publish","type":"page","link":"https:\/\/bodrumconnection.com\/tr\/bize-ulasin\/","title":{"rendered":"Bize ula\u015f\u0131n"},"content":{"rendered":"\n<style type=\"text\/css\" data-created_by=\"avia_inline_auto\" id=\"style-css-av-lx0igpz0-b2fa0877dd811eb0e9391f23efc76c04\">\n.avia-section.av-lx0igpz0-b2fa0877dd811eb0e9391f23efc76c04{\nbackground-color:#ffffff;\nbackground-image:url(https:\/\/bodrumconnection.com\/wp-content\/uploads\/2024\/05\/IMG_3503-scaled.jpg);\nbackground-repeat:no-repeat;\nbackground-position:50% 50%;\nbackground-attachment:scroll;\n}\n#top .avia-section.av-lx0igpz0-b2fa0877dd811eb0e9391f23efc76c04 .scroll-down-link{\ncolor:#be9a53;\n}\n#top .avia-section.av-lx0igpz0-b2fa0877dd811eb0e9391f23efc76c04 .scroll-down-link.avia-svg-icon svg:first-child{\nstroke:#be9a53;\nfill:#be9a53;\n}\n.avia-section.av-lx0igpz0-b2fa0877dd811eb0e9391f23efc76c04 .av-extra-border-element .av-extra-border-inner{\nbackground-color:#ffffff;\n}\n<\/style>\n<div id='av_section_1'  class='avia-section av-lx0igpz0-b2fa0877dd811eb0e9391f23efc76c04 main_color avia-section-no-padding avia-no-shadow  avia-builder-el-0  el_before_av_section  avia-builder-el-first  avia-full-stretch avia-bg-style-scroll av-minimum-height av-minimum-height-100 av-height-100  container_wrap sidebar_right'  data-section-bg-repeat='stretch' data-av_minimum_height_pc='100' data-av_min_height_opt='100'><div class=\"av-section-color-overlay-wrap\"><a href='#next-section' title='' class='scroll-down-link av-custom-scroll-down-color avia-svg-icon avia-font-svg_entypo-fontello' data-av_svg_icon='down-open-mini' data-av_iconset='svg_entypo-fontello'><svg version=\"1.1\" xmlns=\"http:\/\/www.w3.org\/2000\/svg\" width=\"15\" height=\"32\" viewBox=\"0 0 15 32\" preserveAspectRatio=\"xMidYMid meet\" aria-labelledby='av-svg-title-1' aria-describedby='av-svg-desc-1' role=\"graphics-symbol\" aria-hidden=\"true\">\n<title id='av-svg-title-1'>Scroll to next section<\/title>\n<desc id='av-svg-desc-1'>Scroll to next section<\/desc>\n<path d=\"M12.96 12.16q0.704-0.832 1.536 0 0.832 0.704 0 1.536l-6.272 6.144q-0.704 0.704-1.536 0l-6.272-6.144q-0.832-0.832 0-1.536 0.768-0.768 1.6 0l5.44 4.992z\"><\/path>\n<\/svg><\/a><div class='container av-section-cont-open' ><main  role=\"main\" itemprop=\"mainContentOfPage\"  class='template-page content  av-content-small alpha units'><div class='post-entry post-entry-type-page post-entry-1922'><div class='entry-content-wrapper clearfix'>\n\n<style type=\"text\/css\" data-created_by=\"avia_inline_auto\" id=\"style-css-av-lx0ihaxl-e611b40f94ede41a7d3a6b9788b8a56c\">\n#top .hr.hr-invisible.av-lx0ihaxl-e611b40f94ede41a7d3a6b9788b8a56c{\nheight:130px;\n}\n<\/style>\n<div  class='hr av-lx0ihaxl-e611b40f94ede41a7d3a6b9788b8a56c hr-invisible  avia-builder-el-1  el_before_av_hr  avia-builder-el-first '><span class='hr-inner '><span class=\"hr-inner-style\"><\/span><\/span><\/div>\n\n<style type=\"text\/css\" data-created_by=\"avia_inline_auto\" id=\"style-css-av-2uk65e-f86b0dfd4c7bd7a5ec2a1ef3aaeae28f\">\n#top .hr.hr-invisible.av-2uk65e-f86b0dfd4c7bd7a5ec2a1ef3aaeae28f{\nheight:130px;\n}\n<\/style>\n<div  class='hr av-2uk65e-f86b0dfd4c7bd7a5ec2a1ef3aaeae28f hr-invisible  avia-builder-el-2  el_after_av_hr  avia-builder-el-last '><span class='hr-inner '><span class=\"hr-inner-style\"><\/span><\/span><\/div>\n\n<\/div><\/div><\/main><!-- close content main element --><\/div><div class='av-extra-border-element border-extra-diagonal border-extra-diagonal-inverse '><div class='av-extra-border-outer'><div class='av-extra-border-inner'><\/div><\/div><\/div><\/div><\/div>\n<style type=\"text\/css\" data-created_by=\"avia_inline_auto\" id=\"style-css-av-jkwotzct-36-491efc97731d6a784deb4f56771a7d5d\">\n.avia-section.av-jkwotzct-36-491efc97731d6a784deb4f56771a7d5d .av-extra-border-element .av-extra-border-inner{\nbackground-color:#ffffff;\n}\n<\/style>\n<div id='contact'  class='avia-section av-jkwotzct-36-491efc97731d6a784deb4f56771a7d5d main_color avia-section-huge avia-no-border-styling  avia-builder-el-3  el_after_av_section  avia-builder-el-last  avia-bg-style-scroll container_wrap sidebar_right'  ><div class='container av-section-cont-open' ><div class='template-page content  av-content-small alpha units'><div class='post-entry post-entry-type-page post-entry-1922'><div class='entry-content-wrapper clearfix'>\n\n<style type=\"text\/css\" data-created_by=\"avia_inline_auto\" id=\"style-css-av-tr69-936086b9a29766c0e51d7ee7d0947b53\">\n#top .av-special-heading.av-tr69-936086b9a29766c0e51d7ee7d0947b53{\nmargin:0 0 0.7em 0;\npadding-bottom:0;\nfont-size:53px;\n}\nbody .av-special-heading.av-tr69-936086b9a29766c0e51d7ee7d0947b53 .av-special-heading-tag .heading-char{\nfont-size:25px;\n}\n#top #wrap_all .av-special-heading.av-tr69-936086b9a29766c0e51d7ee7d0947b53 .av-special-heading-tag{\nfont-size:53px;\n}\n.av-special-heading.av-tr69-936086b9a29766c0e51d7ee7d0947b53 .av-subheading{\nfont-size:23px;\n}\n\n@media only screen and (min-width: 480px) and (max-width: 767px){ \n#top #wrap_all .av-special-heading.av-tr69-936086b9a29766c0e51d7ee7d0947b53 .av-special-heading-tag{\nfont-size:0.8em;\n}\n}\n\n@media only screen and (max-width: 479px){ \n#top #wrap_all .av-special-heading.av-tr69-936086b9a29766c0e51d7ee7d0947b53 .av-special-heading-tag{\nfont-size:0.8em;\n}\n}\n<\/style>\n<div  class='av-special-heading av-tr69-936086b9a29766c0e51d7ee7d0947b53 av-special-heading-h3 blockquote modern-quote modern-centered  avia-builder-el-4  el_before_av_one_half  avia-builder-el-first  av-inherit-size'><h3 class='av-special-heading-tag '  itemprop=\"headline\"  >Size nas\u0131l yard\u0131mc\u0131 olabiliriz?<\/h3><div class=\"special-heading-border\"><div class=\"special-heading-inner-border\"><\/div><\/div><\/div>\n\n<style type=\"text\/css\" data-created_by=\"avia_inline_auto\" id=\"style-css-av-2qmgz-29-142736208ce61afd07f4d7dba8c7ed05\">\n.flex_column.av-2qmgz-29-142736208ce61afd07f4d7dba8c7ed05{\nborder-radius:0px 0px 0px 0px;\npadding:200px 20px 250px 20px;\n}\n<\/style>\n<div  class='flex_column av-2qmgz-29-142736208ce61afd07f4d7dba8c7ed05 av_one_half  avia-builder-el-5  el_after_av_heading  el_before_av_one_half  first no_margin flex_column_div av-animated-generic pop-up avia-full-contain  '     ><p><section  class='av_textblock_section av-jky6vho6-bef5e6ecf396ce9c14739625d762998a '   itemscope=\"itemscope\" itemtype=\"https:\/\/schema.org\/CreativeWork\" ><div class='avia_textblock'  itemprop=\"text\" ><p><strong>Ilgili ki\u015fi<\/strong><\/p>\n<p>General Manager Cengiz<\/p>\n<p><img loading=\"lazy\" decoding=\"async\" class=\"alignnone size-medium wp-image-947\" src=\"https:\/\/bodrumconnection.com\/wp-content\/uploads\/2024\/05\/PHOTO-2024-05-29-22-10-21-227x300.jpg\" alt=\"\" width=\"227\" height=\"300\" srcset=\"https:\/\/bodrumconnection.com\/wp-content\/uploads\/2024\/05\/PHOTO-2024-05-29-22-10-21-227x300.jpg 227w, https:\/\/bodrumconnection.com\/wp-content\/uploads\/2024\/05\/PHOTO-2024-05-29-22-10-21-533x705.jpg 533w, https:\/\/bodrumconnection.com\/wp-content\/uploads\/2024\/05\/PHOTO-2024-05-29-22-10-21.jpg 740w\" sizes=\"auto, (max-width: 227px) 100vw, 227px\" \/><\/p>\n<p><a href=\"mailto:info@bodrumconnection.com\">info@bodrumconnection.com<\/a><\/p>\n<\/div><\/section><br \/>\n<section  class='av_textblock_section av-lwt8tpie-db83c2e6439047a404f40401b42449d0 '   itemscope=\"itemscope\" itemtype=\"https:\/\/schema.org\/CreativeWork\" ><div class='avia_textblock'  itemprop=\"text\" ><p><strong>Ofis<\/strong><\/p>\n<p>Peksimet Mah. 5532 sok.<br \/>\nSafir Evleri A4<br \/>\n48400 Bodrum\/Mu\u011fla<br \/>\nT\u00fcrkiye<\/p>\n<p>Tel. +905367993235<br \/>\n+49173 5172575<\/p>\n<p><a href=\"mailto:info@bodrumconnection.com\">info@bodrumconnection.com<\/a><\/p>\n<p><strong>Liman<\/strong><\/p>\n<p>Marina D-Marin Turgutreis<br \/>\nGazi Mustafa Kemal Blv. No:24<br \/>\n48960 Bodrum\/Mu\u011fla<br \/>\nT\u00fcrkiye<\/p>\n<div class=\"marineDetailHero__Coordinates fontFamilyNetura\">36\u00b059&#8217;57&#8221;N, 27\u00b015&#8217;19&#8221;E<\/div>\n<\/div><\/section><\/p><\/div>\n<style type=\"text\/css\" data-created_by=\"avia_inline_auto\" id=\"style-css-av-2qmgz-1-e3b5464c6d70cbe4bc38f2d0a933ee23\">\n.flex_column.av-2qmgz-1-e3b5464c6d70cbe4bc38f2d0a933ee23{\nborder-radius:0px 0px 0px 0px;\npadding:100px 90px 0px 90px;\n}\n<\/style>\n<div  class='flex_column av-2qmgz-1-e3b5464c6d70cbe4bc38f2d0a933ee23 av_one_half  avia-builder-el-8  el_after_av_one_half  avia-builder-el-last  no_margin flex_column_div av-animated-generic pop-up  '     ><\/div><\/div><\/div><\/div><!-- close content main div --><\/div><div class='av-extra-border-element border-extra-diagonal border-extra-diagonal-inverse diagonal-box-shadow'><div class='av-extra-border-outer'><div class='av-extra-border-inner'><\/div><\/div><\/div><\/div><div id='after_section_2'  class='main_color av_default_container_wrap container_wrap sidebar_right'  ><div class='container av-section-cont-open' ><div class='template-page content  av-content-small alpha units'><div class='post-entry post-entry-type-page post-entry-1922'><div class='entry-content-wrapper clearfix'>\n","protected":false},"excerpt":{"rendered":"","protected":false},"author":1,"featured_media":0,"parent":0,"menu_order":0,"comment_status":"closed","ping_status":"closed","template":"","meta":{"footnotes":""},"class_list":["post-1922","page","type-page","status-publish","hentry"],"_links":{"self":[{"href":"https:\/\/bodrumconnection.com\/tr\/wp-json\/wp\/v2\/pages\/1922","targetHints":{"allow":["GET"]}}],"collection":[{"href":"https:\/\/bodrumconnection.com\/tr\/wp-json\/wp\/v2\/pages"}],"about":[{"href":"https:\/\/bodrumconnection.com\/tr\/wp-json\/wp\/v2\/types\/page"}],"author":[{"embeddable":true,"href":"https:\/\/bodrumconnection.com\/tr\/wp-json\/wp\/v2\/users\/1"}],"replies":[{"embeddable":true,"href":"https:\/\/bodrumconnection.com\/tr\/wp-json\/wp\/v2\/comments?post=1922"}],"version-history":[{"count":7,"href":"https:\/\/bodrumconnection.com\/tr\/wp-json\/wp\/v2\/pages\/1922\/revisions"}],"predecessor-version":[{"id":2427,"href":"https:\/\/bodrumconnection.com\/tr\/wp-json\/wp\/v2\/pages\/1922\/revisions\/2427"}],"wp:attachment":[{"href":"https:\/\/bodrumconnection.com\/tr\/wp-json\/wp\/v2\/media?parent=1922"}],"curies":[{"name":"wp","href":"https:\/\/api.w.org\/{rel}","templated":true}]}}