{"id":1917,"date":"2024-05-30T14:06:46","date_gmt":"2024-05-30T12:06:46","guid":{"rendered":"https:\/\/bodrumconnection.com\/hakkimizda\/"},"modified":"2024-06-25T15:37:07","modified_gmt":"2024-06-25T13:37:07","slug":"hakkimizda","status":"publish","type":"page","link":"https:\/\/bodrumconnection.com\/tr\/hakkimizda\/","title":{"rendered":"Hakk\u0131m\u0131zda"},"content":{"rendered":"\n<style type=\"text\/css\" data-created_by=\"avia_inline_auto\" id=\"style-css-av-lx0l4ip7-65db5604520440757fc578031adc85b6\">\n.avia-section.av-lx0l4ip7-65db5604520440757fc578031adc85b6{\nbackground-repeat:no-repeat;\nbackground-image:url(https:\/\/bodrumconnection.com\/wp-content\/uploads\/2024\/06\/ueber-uns-scaled.jpg);\nbackground-position:50% 50%;\nbackground-attachment:scroll;\n}\n#top .avia-section.av-lx0l4ip7-65db5604520440757fc578031adc85b6 .scroll-down-link{\ncolor:#be9a53;\n}\n#top .avia-section.av-lx0l4ip7-65db5604520440757fc578031adc85b6 .scroll-down-link.avia-svg-icon svg:first-child{\nstroke:#be9a53;\nfill:#be9a53;\n}\n.avia-section.av-lx0l4ip7-65db5604520440757fc578031adc85b6 .av-extra-border-element .av-extra-border-inner{\nbackground-color:#ffffff;\n}\n<\/style>\n<div id='av_section_1'  class='avia-section av-lx0l4ip7-65db5604520440757fc578031adc85b6 main_color avia-section-no-padding avia-no-shadow  avia-builder-el-0  el_before_av_section  avia-builder-el-first  avia-full-stretch avia-bg-style-scroll av-minimum-height av-minimum-height-100 av-height-100  container_wrap sidebar_right'  data-section-bg-repeat='stretch' data-av_minimum_height_pc='100' data-av_min_height_opt='100'><div class=\"av-section-color-overlay-wrap\"><a href='#next-section' title='' class='scroll-down-link av-custom-scroll-down-color avia-svg-icon avia-font-svg_entypo-fontello' data-av_svg_icon='down-open-mini' data-av_iconset='svg_entypo-fontello'><svg version=\"1.1\" xmlns=\"http:\/\/www.w3.org\/2000\/svg\" width=\"15\" height=\"32\" viewBox=\"0 0 15 32\" preserveAspectRatio=\"xMidYMid meet\" aria-labelledby='av-svg-title-1' aria-describedby='av-svg-desc-1' role=\"graphics-symbol\" aria-hidden=\"true\">\n<title id='av-svg-title-1'>Scroll to next section<\/title>\n<desc id='av-svg-desc-1'>Scroll to next section<\/desc>\n<path d=\"M12.96 12.16q0.704-0.832 1.536 0 0.832 0.704 0 1.536l-6.272 6.144q-0.704 0.704-1.536 0l-6.272-6.144q-0.832-0.832 0-1.536 0.768-0.768 1.6 0l5.44 4.992z\"><\/path>\n<\/svg><\/a><div class='container av-section-cont-open' ><main  role=\"main\" itemprop=\"mainContentOfPage\"  class='template-page content  av-content-small alpha units'><div class='post-entry post-entry-type-page post-entry-1917'><div class='entry-content-wrapper clearfix'>\n\n<style type=\"text\/css\" data-created_by=\"avia_inline_auto\" id=\"style-css-av-lx0l37kx-d0ccdbae26b9817b63ee06f7de6cf5db\">\n#top .hr.hr-invisible.av-lx0l37kx-d0ccdbae26b9817b63ee06f7de6cf5db{\nheight:130px;\n}\n<\/style>\n<div  class='hr av-lx0l37kx-d0ccdbae26b9817b63ee06f7de6cf5db hr-invisible  avia-builder-el-1  el_before_av_hr  avia-builder-el-first '><span class='hr-inner '><span class=\"hr-inner-style\"><\/span><\/span><\/div>\n\n<style type=\"text\/css\" data-created_by=\"avia_inline_auto\" id=\"style-css-av-82cuy-86c8778fd769e4859dced9b1e9f446da\">\n#top .hr.hr-invisible.av-82cuy-86c8778fd769e4859dced9b1e9f446da{\nheight:130px;\n}\n<\/style>\n<div  class='hr av-82cuy-86c8778fd769e4859dced9b1e9f446da hr-invisible  avia-builder-el-2  el_after_av_hr  avia-builder-el-last '><span class='hr-inner '><span class=\"hr-inner-style\"><\/span><\/span><\/div>\n\n<\/div><\/div><\/main><!-- close content main element --><\/div><div class='av-extra-border-element border-extra-diagonal border-extra-diagonal-inverse '><div class='av-extra-border-outer'><div class='av-extra-border-inner'><\/div><\/div><\/div><\/div><\/div>\n<style type=\"text\/css\" data-created_by=\"avia_inline_auto\" id=\"style-css-av-jkwotzct-36-491efc97731d6a784deb4f56771a7d5d\">\n.avia-section.av-jkwotzct-36-491efc97731d6a784deb4f56771a7d5d .av-extra-border-element .av-extra-border-inner{\nbackground-color:#ffffff;\n}\n<\/style>\n<div id='contact'  class='avia-section av-jkwotzct-36-491efc97731d6a784deb4f56771a7d5d main_color avia-section-huge avia-no-border-styling  avia-builder-el-3  el_after_av_section  avia-builder-el-last  avia-bg-style-scroll container_wrap sidebar_right'  ><div class='container av-section-cont-open' ><div class='template-page content  av-content-small alpha units'><div class='post-entry post-entry-type-page post-entry-1917'><div class='entry-content-wrapper clearfix'>\n\n<style type=\"text\/css\" data-created_by=\"avia_inline_auto\" id=\"style-css-av-tr69-04a8b9257ae0be9a32d405147481f71b\">\n#top .av-special-heading.av-tr69-04a8b9257ae0be9a32d405147481f71b{\nmargin:0 0 0.7em 0;\npadding-bottom:0;\nfont-size:53px;\n}\nbody .av-special-heading.av-tr69-04a8b9257ae0be9a32d405147481f71b .av-special-heading-tag .heading-char{\nfont-size:25px;\n}\n#top #wrap_all .av-special-heading.av-tr69-04a8b9257ae0be9a32d405147481f71b .av-special-heading-tag{\nfont-size:53px;\n}\n.av-special-heading.av-tr69-04a8b9257ae0be9a32d405147481f71b .av-subheading{\nfont-size:23px;\n}\n\n@media only screen and (min-width: 480px) and (max-width: 767px){ \n#top #wrap_all .av-special-heading.av-tr69-04a8b9257ae0be9a32d405147481f71b .av-special-heading-tag{\nfont-size:0.8em;\n}\n}\n\n@media only screen and (max-width: 479px){ \n#top #wrap_all .av-special-heading.av-tr69-04a8b9257ae0be9a32d405147481f71b .av-special-heading-tag{\nfont-size:0.8em;\n}\n}\n<\/style>\n<div  class='av-special-heading av-tr69-04a8b9257ae0be9a32d405147481f71b av-special-heading-h3 blockquote modern-quote modern-centered  avia-builder-el-4  el_before_av_three_fourth  avia-builder-el-first  av-inherit-size'><h3 class='av-special-heading-tag '  itemprop=\"headline\"  >Hakk\u0131m\u0131zda<\/h3><div class=\"special-heading-border\"><div class=\"special-heading-inner-border\"><\/div><\/div><\/div>\n<div class='flex_column_table av-2qmgz-1-c1ab1e34b27d512ed259a2dd67471540 sc-av_three_fourth av-equal-height-column-flextable'>\n<style type=\"text\/css\" data-created_by=\"avia_inline_auto\" id=\"style-css-av-2qmgz-1-c1ab1e34b27d512ed259a2dd67471540\">\n.flex_column.av-2qmgz-1-c1ab1e34b27d512ed259a2dd67471540{\nborder-radius:0px 0px 0px 0px;\npadding:100px 90px 0px 90px;\n}\n<\/style>\n<div  class='flex_column av-2qmgz-1-c1ab1e34b27d512ed259a2dd67471540 av_three_fourth  avia-builder-el-5  el_after_av_heading  el_before_av_one_fourth  first no_margin flex_column_table_cell av-equal-height-column av-align-top av-animated-generic fade-in  '     ><section  class='av_textblock_section av-lwt7rzir-a17aaec2cd4a8fa7451607401a972207 '   itemscope=\"itemscope\" itemtype=\"https:\/\/schema.org\/CreativeWork\" ><div class='avia_textblock'  itemprop=\"text\" ><p>Ben Kadriye, T\u00fcrk vatanda\u015f\u0131y\u0131m ve <strong>Bodrumconnection<\/strong>&#8216;\u0131n sahibiyim. Ben ve Alman e\u015fim J\u00f6rg 2019 y\u0131l\u0131nda Bodrum&#8217;da hayalimizdeki villay\u0131 sat\u0131n almak istedi\u011fimizde akl\u0131m\u0131zda pek \u00e7ok soru vard\u0131. E\u015fim 30 y\u0131l\u0131 a\u015fk\u0131n bir s\u00fcredir emlak ve yat i\u015fiyle u\u011fra\u015fmas\u0131na ra\u011fmen, s\u00fcre\u00e7lerin ve ko\u015fullar\u0131n \u00e7o\u011fu Almanya&#8217;dakilerden tamamen farkl\u0131yd\u0131.<\/p>\n<p>\u0130\u015fte o d\u00f6nemde kendimize sordu\u011fumuz sorulardan sadece birka\u00e7\u0131:<\/p>\n<ul>\n<li>T\u00fcrkiye&#8217;de g\u00fcvenli ve risksiz bir \u015fekilde nas\u0131l m\u00fclk sat\u0131n alabilirim?<\/li>\n<li>\u015e\u00fcpheli sat\u0131c\u0131lar\u0131n eline d\u00fc\u015fmeden nas\u0131l uygun m\u00fclk edinebilirim?<\/li>\n<li>T\u00fcrkiye&#8217;ye g\u00fcvenli para transferi teoride ve pratikte nas\u0131l garanti ediliyor?<\/li>\n<li>Tapu siciline kay\u0131t yapt\u0131r\u0131rken nelere dikkat etmem gerekir?<\/li>\n<li>\u0130mar hukuku a\u00e7\u0131s\u0131ndan nelere dikkat edilmesi gerekiyor?<\/li>\n<li>\u0130n\u015faat kusurlar\u0131 ile ilgili olarak tam olarak neleri akl\u0131mda tutmam gerekiyor?<\/li>\n<li>Nas\u0131l noter veya hukuki dan\u0131\u015fmanl\u0131k alabilirim?<\/li>\n<li>Evimi kim sigortal\u0131yor?<\/li>\n<li>Nerede hesap a\u00e7t\u0131rabilirim ve e\u015fim i\u00e7in oturma iznine nas\u0131l ba\u015fvurabilirim?<\/li>\n<li>Biz orada yokken villama kim bakacak?<\/li>\n<li>Esnaf, bah\u00e7\u0131van, havuz temizleme \u015firketlerinden olu\u015fan bir a\u011fa nas\u0131l ula\u015fabilirim?<\/li>\n<\/ul>\n<p>ve \u00e7ok daha fazlas\u0131!<\/p>\n<p>Bodrum&#8217;da kendi m\u00fclk\u00fcm\u00fcze sahip olma hayalimiz i\u00e7in say\u0131s\u0131z saatler harcad\u0131k. Ta ki 2020&#8217;de Bodrum&#8217;da hayalimizdeki villay\u0131 sat\u0131n alana kadar. Sat\u0131n alma haz\u0131rl\u0131klar\u0131 i\u00e7in T\u00fcrkiye&#8217;ye \u00e7ok say\u0131da seyahat Yap\u0131ld\u0131. Say\u0131s\u0131z belge temin edildi ve terc\u00fcme edildi.<\/p>\n<p>Bu engebeli yolda bize yard\u0131mc\u0131 olacak yerel bilgiye sahip bir acentemiz olsayd\u0131 o zamanlar \u00e7ok mutlu olurduk. Bug\u00fcn\u00fcn bak\u0131\u015f a\u00e7\u0131s\u0131yla, burada her \u015feyin ger\u00e7ekten nas\u0131l i\u015fledi\u011fini bilseydiniz ve do\u011fru a\u011fa sahip olsayd\u0131n\u0131z, kendinizi \u00e7ok fazla sorun, zaman ve paradan kurtarabilirdiniz.<\/p>\n<p>Bu nedenle <strong>Bodrumconnection<\/strong>, size profesyonel dan\u0131\u015fmanl\u0131k, destek ve yerinde uygulama sa\u011flamak i\u00e7in tam hizmet ajans\u0131 olarak kurulmu\u015ftur.<\/p>\n<p>Yat\u0131m\u0131z\u0131 2021&#8217;de T\u00fcrkiye&#8217;ye transfer etti\u011fimizde, evde oldu\u011fu gibi ayn\u0131 sorular ortaya \u00e7\u0131kt\u0131.<\/p>\n<p>E\u015fim teknik olarak \u00e7ok yetenekli olmas\u0131na ve 40 y\u0131ld\u0131r denizde seyahat etmesine ra\u011fmen, yatlar\u0131n bu alan\u0131nda da yeni zorluklar sundunuz. Bu do\u011frultuda, yat\u00e7\u0131l\u0131k alan\u0131nda da kar\u015f\u0131m\u0131za yeni zorluklar \u00e7\u0131kt\u0131.<\/p>\n<p><strong>Kalite ve m\u00fckemmellik bizim g\u00fc\u00e7l\u00fc yanlar\u0131m\u0131zd\u0131r.<\/strong><\/p>\n<p>Kadriye&#8217;niz<\/p>\n<\/div><\/section><\/div>\n<style type=\"text\/css\" data-created_by=\"avia_inline_auto\" id=\"style-css-av-7ww3m-eee329afc28ed753674e3ea92db98bfd\">\n.flex_column.av-7ww3m-eee329afc28ed753674e3ea92db98bfd{\nborder-radius:0px 0px 0px 0px;\npadding:100px 90px 0px 90px;\n}\n<\/style>\n<div  class='flex_column av-7ww3m-eee329afc28ed753674e3ea92db98bfd av_one_fourth  avia-builder-el-7  el_after_av_three_fourth  avia-builder-el-last  no_margin flex_column_table_cell av-equal-height-column av-align-top av-animated-generic fade-in  '     ><style type=\"text\/css\" data-created_by=\"avia_inline_auto\" id=\"style-css-av-lwt818n2-b325dfd09031aa675c6b55398a1a65a2\">\n.avia-image-container.av-lwt818n2-b325dfd09031aa675c6b55398a1a65a2 img.avia_image{\nbox-shadow:none;\n}\n.avia-image-container.av-lwt818n2-b325dfd09031aa675c6b55398a1a65a2 .av-image-caption-overlay-center{\ncolor:#ffffff;\n}\n<\/style>\n<div  class='avia-image-container av-lwt818n2-b325dfd09031aa675c6b55398a1a65a2 av-styling- avia-align-center  avia-builder-el-8  avia-builder-el-no-sibling '   itemprop=\"image\" itemscope=\"itemscope\" itemtype=\"https:\/\/schema.org\/ImageObject\" ><div class=\"avia-image-container-inner\"><div class=\"avia-image-overlay-wrap\"><img decoding=\"async\" fetchpriority=\"high\" class='wp-image-1500 avia-img-lazy-loading-not-1500 avia_image ' src=\"https:\/\/bodrumconnection.com\/wp-content\/uploads\/2024\/05\/Bild-Kadriye-und-Joerg-774x1030.jpg\" alt='' title=''  height=\"1030\" width=\"774\"  itemprop=\"thumbnailUrl\" srcset=\"https:\/\/bodrumconnection.com\/wp-content\/uploads\/2024\/05\/Bild-Kadriye-und-Joerg-774x1030.jpg 774w, https:\/\/bodrumconnection.com\/wp-content\/uploads\/2024\/05\/Bild-Kadriye-und-Joerg-225x300.jpg 225w, https:\/\/bodrumconnection.com\/wp-content\/uploads\/2024\/05\/Bild-Kadriye-und-Joerg-768x1022.jpg 768w, https:\/\/bodrumconnection.com\/wp-content\/uploads\/2024\/05\/Bild-Kadriye-und-Joerg-1154x1536.jpg 1154w, https:\/\/bodrumconnection.com\/wp-content\/uploads\/2024\/05\/Bild-Kadriye-und-Joerg-1539x2048.jpg 1539w, https:\/\/bodrumconnection.com\/wp-content\/uploads\/2024\/05\/Bild-Kadriye-und-Joerg-1127x1500.jpg 1127w, https:\/\/bodrumconnection.com\/wp-content\/uploads\/2024\/05\/Bild-Kadriye-und-Joerg-530x705.jpg 530w, https:\/\/bodrumconnection.com\/wp-content\/uploads\/2024\/05\/Bild-Kadriye-und-Joerg-scaled.jpg 1923w\" sizes=\"(max-width: 774px) 100vw, 774px\" \/><\/div><\/div><\/div><\/div><\/div><!--close column table wrapper. Autoclose: 1 --><\/div><\/div><\/div><!-- close content main div --><\/div><div class='av-extra-border-element border-extra-diagonal border-extra-diagonal-inverse diagonal-box-shadow'><div class='av-extra-border-outer'><div class='av-extra-border-inner'><\/div><\/div><\/div><\/div><div id='after_section_2'  class='main_color av_default_container_wrap container_wrap sidebar_right'  ><div class='container av-section-cont-open' ><div class='template-page content  av-content-small alpha units'><div class='post-entry post-entry-type-page post-entry-1917'><div class='entry-content-wrapper clearfix'>\n","protected":false},"excerpt":{"rendered":"","protected":false},"author":1,"featured_media":0,"parent":0,"menu_order":0,"comment_status":"closed","ping_status":"closed","template":"","meta":{"footnotes":""},"class_list":["post-1917","page","type-page","status-publish","hentry"],"_links":{"self":[{"href":"https:\/\/bodrumconnection.com\/tr\/wp-json\/wp\/v2\/pages\/1917","targetHints":{"allow":["GET"]}}],"collection":[{"href":"https:\/\/bodrumconnection.com\/tr\/wp-json\/wp\/v2\/pages"}],"about":[{"href":"https:\/\/bodrumconnection.com\/tr\/wp-json\/wp\/v2\/types\/page"}],"author":[{"embeddable":true,"href":"https:\/\/bodrumconnection.com\/tr\/wp-json\/wp\/v2\/users\/1"}],"replies":[{"embeddable":true,"href":"https:\/\/bodrumconnection.com\/tr\/wp-json\/wp\/v2\/comments?post=1917"}],"version-history":[{"count":7,"href":"https:\/\/bodrumconnection.com\/tr\/wp-json\/wp\/v2\/pages\/1917\/revisions"}],"predecessor-version":[{"id":2328,"href":"https:\/\/bodrumconnection.com\/tr\/wp-json\/wp\/v2\/pages\/1917\/revisions\/2328"}],"wp:attachment":[{"href":"https:\/\/bodrumconnection.com\/tr\/wp-json\/wp\/v2\/media?parent=1917"}],"curies":[{"name":"wp","href":"https:\/\/api.w.org\/{rel}","templated":true}]}}